{"id":174,"date":"2014-10-01T13:04:08","date_gmt":"2014-10-01T11:04:08","guid":{"rendered":"https:\/\/hartmann-medien.de\/de\/?page_id=174"},"modified":"2014-11-11T16:40:52","modified_gmt":"2014-11-11T14:40:52","slug":"impressum","status":"publish","type":"page","link":"https:\/\/hartmann-medien.de\/de\/impressum\/","title":{"rendered":"Impressum"},"content":{"rendered":"<section  class='av_textblock_section av-av_textblock-0366cc7376be6c9e82a3e9cc8987b64f '   itemscope=\"itemscope\" itemtype=\"https:\/\/schema.org\/CreativeWork\" ><div class='avia_textblock'  itemprop=\"text\" ><h2><strong>Impressum<\/strong><\/h2>\n<p><strong>Angaben gem\u00e4\u00df \u00a7 5 TMG:<br \/>\n<\/strong>Hartmann-Medien<br \/>\nFranzosenkoppel 120<br \/>\n22547\u00a0Hamburg<\/p>\n<p><strong>Vertreten durch:<\/strong><br \/>\nStefan Pchalek,\u00a0Thorsten Lohmann<\/p>\n<p><strong>Kontakt:<\/strong><br \/>\nTelefon: (040) 40 17 70-70<br \/>\nTelefax: (040) 40 17 70-79<br \/>\nE-Mail: willkommen@hartmann-medien.de<\/p>\n<p>Hartmann-Medien ist ein Gesch\u00e4ftsbereich der Hartmann-Plan OHG<\/p>\n<p><strong style=\"line-height: 1.5em;\">Registereintrag:<br \/>\n<\/strong>Eintragung im Handelsregister<\/p>\n<p>Amtsgericht Hamburg<br \/>\nRegisternummer: HRA 109882<\/p>\n<p><strong>Umsatzsteuer-ID:<br \/>\n<\/strong>Umsatzsteuer-Identifikationsnummer gem\u00e4\u00df \u00a727 a Umsatzsteuergesetz:<br \/>\nDE 263264729<\/p>\n<p><strong>Verantwortlich f\u00fcr den Inhalt nach \u00a7 55 Abs. 2 RStV:<br \/>\n<\/strong>Thorsten Lohmann<\/p>\n<h2><strong><br \/>\nHaftungsausschluss (Disclaimer)<\/strong><\/h2>\n<p><strong>Haftung f\u00fcr Inhalte<br \/>\n<\/strong>Als Diensteanbieter sind wir gem\u00e4\u00df \u00a7 7 Abs.1 TMG f\u00fcr eigene Inhalte auf diesen Seiten nach den allgemeinen Gesetzen verantwortlich. Nach \u00a7\u00a7 8 bis 10 TMG sind wir als Diensteanbieter jedoch nicht verpflichtet, \u00fcbermittelte oder gespeicherte fremde Informationen zu \u00fcberwachen oder nach Umst\u00e4nden zu forschen, die auf eine rechtswidrige T\u00e4tigkeit hinweisen. Verpflichtungen zur Entfernung oder Sperrung der Nutzung von Informationen nach den allgemeinen Gesetzen bleiben hiervon unber\u00fchrt. Eine diesbez\u00fcgliche Haftung ist jedoch erst ab dem Zeitpunkt der Kenntnis einer konkreten Rechtsverletzung m\u00f6glich. Bei Bekanntwerden von entsprechenden Rechtsverletzungen werden wir diese Inhalte umgehend entfernen.<\/p>\n<p>Wir \u00fcbernehmen keinerlei Gew\u00e4hr f\u00fcr die Aktualit\u00e4t, Korrektheit, Vollst\u00e4ndigkeit oder Qualit\u00e4t der bereitgestellten Informationen. Haftungsanspr\u00fcche gegen den Autor, welche sich auf Sch\u00e4den materieller oder ideeller Art beziehen, die durch die Nutzung oder Nichtnutzung der dargebotenen Informationen bzw. durch die Nutzung fehlerhafter und unvollst\u00e4ndiger Informationen verursacht wurden sind grunds\u00e4tzlich ausgeschlossen, sofern seitens des Autors kein nachweislich vors\u00e4tzliches oder grob fahrl\u00e4ssiges Verschulden vorliegt. Alle Angebote sind freibleibend und unverbindlich. Der Autor beh\u00e4lt es sich ausdr\u00fccklich vor, Teile der Seiten oder das gesamte Angebot ohne gesonderte Ank\u00fcndigung zu ver\u00e4ndern, zu erg\u00e4nzen, zu l\u00f6schen oder die Ver\u00f6ffentlichung zeitweise oder endg\u00fcltig einzustellen.<\/p>\n<p><strong>Haftung f\u00fcr Links<\/strong><br \/>\nUnser Angebot enth\u00e4lt Links zu externen Webseiten Dritter, auf deren Inhalte wir keinen Einfluss haben. Deshalb k\u00f6nnen wir f\u00fcr diese fremden Inhalte auch keine Gew\u00e4hr \u00fcbernehmen. F\u00fcr die Inhalte der verlinkten Seiten ist stets der jeweilige Anbieter oder Betreiber der Seiten verantwortlich. Die verlinkten Seiten wurden zum Zeitpunkt der Verlinkung auf m\u00f6gliche Rechtsverst\u00f6\u00dfe \u00fcberpr\u00fcft. Rechtswidrige Inhalte waren zum Zeitpunkt der Verlinkung nicht erkennbar. Eine permanente inhaltliche Kontrolle der verlinkten Seiten ist jedoch ohne konkrete Anhaltspunkte einer Rechtsverletzung nicht zumutbar. Bei Bekanntwerden von Rechtsverletzungen werden wir derartige Links umgehend entfernen.<\/p>\n<p><strong>Urheberrecht<\/strong><br \/>\nDie durch die Seitenbetreiber erstellten Inhalte und Werke auf diesen Seiten unterliegen dem deutschen Urheberrecht. Die Vervielf\u00e4ltigung, Bearbeitung, Verbreitung und jede Art der Verwertung au\u00dferhalb der Grenzen des Urheberrechtes bed\u00fcrfen der schriftlichen Zustimmung des jeweiligen Autors bzw. Erstellers. Downloads und Kopien dieser Seite sind nur f\u00fcr den privaten, nicht kommerziellen Gebrauch gestattet. Soweit die Inhalte auf dieser Seite nicht vom Betreiber erstellt wurden, werden die Urheberrechte Dritter beachtet. Insbesondere werden Inhalte Dritter als solche gekennzeichnet. Sollten Sie trotzdem auf eine Urheberrechtsverletzung aufmerksam werden, bitten wir um einen entsprechenden Hinweis. Bei Bekanntwerden von Rechtsverletzungen werden wir derartige Inhalte umgehend entfernen.<\/p>\n<p><strong>Rechtswirksamkeit dieses Haftungsausschlusses<br \/>\n<\/strong>Dieser Haftungsausschluss ist als Teil des Internetangebotes zu betrachten, von dem aus auf diese Seite verwiesen wurde. Sofern Teile oder einzelne Formulierungen dieses Textes der geltenden Rechtslage nicht, nicht mehr oder nicht vollst\u00e4ndig entsprechen sollten, bleiben die \u00fcbrigen Teile des Dokumentes in ihrem Inhalt und ihrer G\u00fcltigkeit davon unber\u00fchrt.<\/p>\n<p><strong>Ein Hinweis f\u00fcr den Fall etwaiger Verletzungen der Rechte Dritter<br \/>\n<\/strong>Die HARTMANN-PLAN OHG hat nicht die Absicht, die Rechte Dritter zu verletzen, auch nicht fahrl\u00e4ssig. Sollte es aber dennoch zu Streitigkeiten, wettbewerbsrechtlichen oder \u00e4hnlichen Problemen kommen, bitten wir Sie, zur Vermeidung unn\u00f6tiger Rechtsstreite und dadurch unn\u00f6tig entstehenden Kosten beiderseits, sofort mit uns Kontakt aufzunehmen. Wir werden sofort Ihren Einwand pr\u00fcfen lassen und diesen dann, sofern gerechtfertigt, sofort abstellen.\u00a0Die Kostennote Ihrer anwaltlichen Abmahnung ohne eine vorherige Kontaktaufnahme mit der HARTMANN-PLAN OHG, werden wir deshalb im Sinne einer Schadensminderungspflicht Ihrerseits als unbegr\u00fcndet zur\u00fcckweisen.<\/p>\n<\/div><\/section>\n","protected":false},"excerpt":{"rendered":"","protected":false},"author":1,"featured_media":0,"parent":0,"menu_order":30,"comment_status":"open","ping_status":"open","template":"","meta":{"footnotes":""},"class_list":["post-174","page","type-page","status-publish","hentry"],"_links":{"self":[{"href":"https:\/\/hartmann-medien.de\/de\/wp-json\/wp\/v2\/pages\/174","targetHints":{"allow":["GET"]}}],"collection":[{"href":"https:\/\/hartmann-medien.de\/de\/wp-json\/wp\/v2\/pages"}],"about":[{"href":"https:\/\/hartmann-medien.de\/de\/wp-json\/wp\/v2\/types\/page"}],"author":[{"embeddable":true,"href":"https:\/\/hartmann-medien.de\/de\/wp-json\/wp\/v2\/users\/1"}],"replies":[{"embeddable":true,"href":"https:\/\/hartmann-medien.de\/de\/wp-json\/wp\/v2\/comments?post=174"}],"version-history":[{"count":4,"href":"https:\/\/hartmann-medien.de\/de\/wp-json\/wp\/v2\/pages\/174\/revisions"}],"predecessor-version":[{"id":550,"href":"https:\/\/hartmann-medien.de\/de\/wp-json\/wp\/v2\/pages\/174\/revisions\/550"}],"wp:attachment":[{"href":"https:\/\/hartmann-medien.de\/de\/wp-json\/wp\/v2\/media?parent=174"}],"curies":[{"name":"wp","href":"https:\/\/api.w.org\/{rel}","templated":true}]}}