{"id":176,"date":"2018-05-24T18:04:58","date_gmt":"2018-05-24T16:04:58","guid":{"rendered":"https:\/\/hartmann-medien.de\/de\/?page_id=176"},"modified":"2018-05-24T19:46:45","modified_gmt":"2018-05-24T17:46:45","slug":"datenschutzerklaerung","status":"publish","type":"page","link":"https:\/\/hartmann-medien.de\/de\/impressum\/datenschutzerklaerung\/","title":{"rendered":"Datenschutzhinweise"},"content":{"rendered":"<section  class='av_textblock_section av-av_textblock-2de302bf1aa3cf4c9157dbe6f50ac7eb '   itemscope=\"itemscope\" itemtype=\"https:\/\/schema.org\/CreativeWork\" ><div class='avia_textblock'  itemprop=\"text\" ><h2>Datenschutzhinweise f\u00fcr (Online-)Kunden und andere Gesch\u00e4ftspartner<\/h2>\n<h4>g\u00fcltig ab 25.05.2018<\/h4>\n<p>Mit den folgenden Informationen m\u00f6chten wir Ihnen einen \u00dcberblick \u00fcber die Verarbeitung Ihrer personenbezogenen Daten durch uns und Ihre Rechte aus dem Datenschutzrecht geben. Welche Daten im Einzelnen und in welcher Weise verarbeitet und genutzt werden, richtet sich ma\u00dfgeblich nach den angebotenen bzw. vereinbarten Dienstleistungen oder Produkten. Daher werden nicht alle Teile dieser Informationen auf Sie zutreffen.<\/p>\n<p><strong>Wer ist f\u00fcr die Datenverarbeitung verantwortlich und an wen kann ich mich wenden?<br \/>\n<\/strong>Verantwortlich ist die<br \/>\nHartmann-Plan OHG, Franzosenkoppel 120, 22547 Hamburg<br \/>\nSie erreichen unseren betrieblichen Datenschutzbeauftragten unter<br \/>\n<a href=\"mailto:datenschutzbeauftragter@hartmann-plan.de\">datenschutzbeauftragter@hartmann-plan.de<\/a><\/p>\n<p><strong>Welche Quellen und Daten nutzen wir?<br \/>\n<\/strong>Wir verarbeiten personenbezogene Daten, die wir im Rahmen unserer Gesch\u00e4ftsbeziehung und deren Anbahnung von unseren bestehenden oder zuk\u00fcnftigen Gesch\u00e4ftspartnern bekommen. Zudem verarbeiten wir \u2013 soweit f\u00fcr die Erbringung unserer Dienstleistung erforderlich \u2013 personenbezogene Daten, die wir aus \u00f6ffentlich zug\u00e4nglichen Quellen (z.B. Schuldnerverzeichnisse, Grundb\u00fccher, Handels- und Vereinsregister, Presse, Internet) zul\u00e4ssigerweise gewinnen oder die uns von sonstigen Dritten (z.B. einer Kreditauskunftei) berechtigt \u00fcbermittelt werden.<\/p>\n<p>Relevante personenbezogene Daten sind Personalien (Name, Adresse und andere Kontaktdaten, Geburtstag und -ort sowie Staatsangeh\u00f6rigkeit), Legitimationsdaten (z.B. Ausweisdaten). Dar\u00fcber hinaus k\u00f6nnen dies auch Auftragsdaten (z.B. Anzeigenauftrag), Daten aus der Erf\u00fcllung unserer vertraglichen Verpflichtungen (z.B. Daten f\u00fcr den Satz von Anzeigen), Informationen \u00fcber Ihre finanzielle Situation (z.B. Bonit\u00e4tsdaten), Dokumentationsdaten sowie andere mit den genannten Kategorien vergleichbare Daten sein.<\/p>\n<p><strong>Wof\u00fcr verarbeiten wir Ihre Daten (Zweck der Verarbeitung) und auf welcher Rechtsgrundlage?<br \/>\n<\/strong>Wir verarbeiten personenbezogene Daten im Einklang mit den Bestimmungen der EU-Datenschutzgrundverordnung (DSGVO) und dem Bundesdatenschutzgesetz (BDSG)<\/p>\n<p><strong>a) zur Erf\u00fcllung von vertraglichen Pflichten (Art. 6 Abs. 1 b DSGVO)<br \/>\n<\/strong>Die Verarbeitung von Daten erfolgt im Rahmen der Durchf\u00fchrung unserer Vertr\u00e4ge mit unseren Gesch\u00e4ftspartnern: Beispielsweise Anzeigenschaltungen, grafische Produktionen und Handelsgesch\u00e4fte. Auch f\u00fcr die Durchf\u00fchrung vorvertraglicher Ma\u00dfnahmen (Angebotserstellung) ist Datenverarbeitung notwendig.<\/p>\n<p><strong>b) im Rahmen der Interessenabw\u00e4gung (Art. 6 Abs. 1 f DSGVO)<br \/>\n<\/strong>Soweit erforderlich verarbeiten wir Ihre Daten \u00fcber die eigentliche Erf\u00fcllung des Vertrages hinaus zur Wahrung berechtigter Interessen von uns oder Dritten. Beispiele:<\/p>\n<ul>\n<li>Konsultation von und Datenaustausch mit Auskunfteien (z.B. SCHUFA) zur Ermittlung von Bonit\u00e4ts- bzw. Ausfallrisiken und Inkassounternehmen bei Inkassof\u00e4llen.<\/li>\n<li>Geltendmachung rechtlicher Anspr\u00fcche und Verteidigung bei rechtlichen Streitigkeiten,<\/li>\n<li>Gew\u00e4hrleistung der IT-Sicherheit und des IT-Betriebs unseres Unternehmens<\/li>\n<\/ul>\n<p><strong>c) aufgrund Ihrer Einwilligung (Art. 6 Abs. 1 a DSGVO)<br \/>\n<\/strong>Soweit Sie uns eine Einwilligung zur Verarbeitung von personenbezogenen Daten f\u00fcr bestimmte Zwecke erteilt haben, ist die Rechtm\u00e4\u00dfigkeit dieser Verarbeitung auf Basis Ihrer Einwilligung gegeben. Eine erteilte Einwilligung kann jederzeit widerrufen werden. Dies gilt auch f\u00fcr den Widerruf von Einwilligungserkl\u00e4rungen, die vor der Geltung der DSGVO, also vor dem 25. Mai 2018, uns gegen\u00fcber erteilt worden sind. Der Widerruf einer Einwilligung wirkt erst f\u00fcr die Zukunft und ber\u00fchrt nicht die Rechtm\u00e4\u00dfigkeit der bis zum Widerruf verarbeiteten Daten.<\/p>\n<p><strong>d) aufgrund gesetzlicher Vorgaben (Art. 6 Abs. 1 c DSGVO) oder im \u00f6ffentlichen Interesse (Art. 6 Abs. 1 e DSGVO)<br \/>\n<\/strong>Zudem unterliegen wir als Unternehmen diversen gesetzlichen (steuer-)rechtlichen Verpflichtungen.<\/p>\n<p><strong>Wer bekommt meine Daten?<br \/>\n<\/strong>Innerhalb des Unternehmens erhalten diejenigen Stellen Zugriff auf Ihre Daten, die diese zur Erf\u00fcllung unserer vertraglichen und gesetzlichen Pflichten brauchen. Auch von uns eingesetzte Dienstleister und Erf\u00fcllungsgehilfen k\u00f6nnen zu diesen Zwecken Daten erhalten. Dies sind Unternehmen in den Kategorien Steuerberater, IT-Dienstleistungen, Logistik, Druckdienstleistungen, Inkasso.<\/p>\n<p><strong>Wie lange werden meine Daten gespeichert?<br \/>\n<\/strong>Unabh\u00e4ngig von dem Weg auf dem Daten von Ihnen erlangt haben, verarbeiten und speichern wir Ihre personenbezogenen Daten solange dies f\u00fcr die Erf\u00fcllung unserer vertraglichen und gesetzlichen Pflichten erforderlich ist.<\/p>\n<p>Sind die Daten f\u00fcr die Erf\u00fcllung vertraglicher oder gesetzlicher Pflichten nicht mehr erforderlich, werden diese regelm\u00e4\u00dfig gel\u00f6scht, es sei denn, deren \u2013 befristete \u2013 Weiterverarbeitung ist erforderlich zur Erhaltung von Beweismitteln im Rahmen der gesetzlichen Verj\u00e4hrungsvorschriften f\u00fcr die Art der get\u00e4tigten Gesch\u00e4fte. Bei Lizenzgesch\u00e4ften und Urheberrechtsfragen betr\u00e4gt die Verj\u00e4hrung bis zu 10 Jahre.<\/p>\n<p><strong>Welche Datenschutzrechte habe ich?<br \/>\n<\/strong>Jede betroffene Person hat das Recht auf Auskunft nach Artikel 15 DSGVO, das Recht auf Berichtigung nach Artikel 16 DSGVO, das Recht auf L\u00f6schung nach Artikel 17 DSGVO, das Recht auf Einschr\u00e4nkung der Verarbeitung nach Artikel 18 DSGVO, das Recht auf Widerspruch aus Artikel 21 DSGVO sowie das Recht auf Daten\u00fcbertragbarkeit aus Artikel 20 DSGVO. Beim Auskunftsrecht und beim L\u00f6schungsrecht gelten die Einschr\u00e4nkungen nach \u00a7\u00a7 34 und 35 BDSG. Dar\u00fcber hinaus besteht ein Beschwerderecht bei einer zust\u00e4ndigen Datenschutzaufsichtsbeh\u00f6rde (Artikel 77 DSGVO \u00a0i.V.m. \u00a7 19 BDSG).<\/p>\n<p>Eine erteilte Einwilligung in die Verarbeitung personenbezogener Daten k\u00f6nnen Sie jederzeit uns gegen\u00fcber widerrufen. Dies gilt auch f\u00fcr den Widerruf von Einwilligungserkl\u00e4rungen, die vor der Geltung der DSGVO, also vor dem 25. Mai 2018, uns gegen\u00fcber erteilt worden sind. Bitte beachten Sie, dass der Widerruf erst f\u00fcr die Zukunft wirkt. Verarbeitungen, die vor dem Widerruf erfolgt sind, sind davon nicht betroffen.<\/p>\n<p><strong>Gibt es f\u00fcr mich eine Pflicht zur Bereitstellung von Daten?<br \/>\n<\/strong>Im Rahmen unserer Gesch\u00e4ftsbeziehung m\u00fcssen Sie diejenigen personenbezogenen Daten bereitstellen, die f\u00fcr die Aufnahme, Durchf\u00fchrung und Beendigung der Gesch\u00e4ftsbeziehung und zur Erf\u00fcllung der damit verbundenen vertraglichen Pflichten erforderlich sind oder zu deren Erhebung wir gesetzlich verpflichtet sind. Ohne diese Daten werden wir in der Regel nicht in der Lage sein, einen Vertrag mit Ihnen zu schlie\u00dfen, diesen auszuf\u00fchren und zu beenden.<\/p>\n<p><strong>Nutzung unserer Internetauftritte, Cookies &amp; Tracking<br \/>\n<\/strong>Durch den Aufruf unserer Internetseiten werden automatisch Ihre Zugriffsdaten erfasst und gespeichert. Diese Zugriffsdaten k\u00f6nnen insbesondere die Zeit, unsere Seite(n), Datenvolumina, die angesehenen Dateien, Daten des aufrufenden Rechners (IP-Adresse, Datenvolumen, Browsertyp und Betriebssystem) umfassen. Diese Zugriffsdaten werden von uns intern verwendet. Ziel ist hier die Datensicherheit und -integrit\u00e4t sowie die Optimierung unserer Onlineangebote. Bei Verdacht einer rechtswidrigen Handlung werden die Zugriffsdaten zur Beweissicherung ausgewertet.<\/p>\n<p>Bei der Erstellung unserer Onlineangebote arbeiten wir sorgf\u00e4ltig. F\u00fcr Korrektheit und Vollst\u00e4ndigkeit der bereitgestellten Informationen \u00fcbernehmen wir jedoch keine Haftung. Anspr\u00fcche auf Schadenersatz wegen Nutzung oder Nichtnutzung der Informationen bzw. durch die Nutzung fehlerhafter oder unvollst\u00e4ndiger Informationen, sind ausgeschlossen. Alle Angebote sind freibleibend und unverbindlich. Jederzeit und ohne Ank\u00fcndigung k\u00f6nnen unsere Onlineangebote ver\u00e4ndert oder abgeschaltet werden.<\/p>\n<p>Wir verwenden Cookies (Textelemente, die zum Speichern von Informationen in Browsern verwendet werden). Cookies werden bei Ihrem n\u00e4chsten Besuch unseres Webauftritts erkannt und tragen erheblich dazu bei, Ladevorg\u00e4nge zu beschleunigen und die Nutzung unserer Angebote komfortabel f\u00fcr Sie zu machen. Ihre von Cookies erkannten und gespeicherten Informationen dienen Ihrer Wiederkennung, aber auch der Analyse Ihres Nutzerverhaltens. Sie werden auf dem Server des jeweiligen Anbieters, der sich als Auftragsverarbeiter uns gegen\u00fcber zur Einhaltung der geltenden Datenschutz-Standards verpflichtet hat, gespeichert.<\/p>\n<p>Nachdem Sie unseren Webauftritt besucht haben, bleiben Cookies auf Ihrem Endger\u00e4t gespeichert, sofern Sie dies nicht von vornherein verweigern oder Sie Cookies nicht aktiv l\u00f6schen. Das aktive Deaktivieren von Cookies kann die Funktionalit\u00e4t unserer Webauftritte f\u00fcr Sie beeintr\u00e4chtigen. Sie k\u00f6nnen die Speicherung der Cookies auch durch eine entsprechende Einstellung Ihrer Browser-Software verhindern. In diesem Fall wird die Funktionalit\u00e4t unserer Internetauftritte m\u00f6glicherweise eingeschr\u00e4nkt.<\/p>\n<p>Unsere Internetauftritte enthalten auch Dienste von Google, wie Google Analytics. Google verwendet auch Cookies und wertet sie aus. Google benutzt diese Informationen, um die Nutzung von Internetseiten auszuwerten und Berichte zu erstellen sowie um mit der Nutzung der Seiten verbundene Dienstleistungen gegen\u00fcber uns zu erbringen. Die im Rahmen von Google Analytics \u00fcbermittelte IP-Adresse wird nicht mit anderen Daten von Google zusammengef\u00fchrt. Auf die Verwendung der Daten durch Drittanbieter haben wir keinen Einfluss. Bitte beachten Sie daher hier die Datenschutzhinweise von Google Inc., 1600 Amphitheatre Parkway, Mountain View, CA 94043, USA:<br \/>\n<strong><a href=\"http:\/\/www.google.com\/analytics\/terms\/de.html\" target=\"_blank\" rel=\"noopener\">http:\/\/www.google.com\/analytics\/terms\/de.html<\/a><\/strong><br \/>\n<strong><a href=\"https:\/\/www.google.de\/intl\/de\/policies\/\" target=\"_blank\" rel=\"noopener\">https:\/\/www.google.de\/intl\/de\/policies\/<\/a><\/strong><\/p>\n<p>Von Google werden ggf. IP-Adressen an Server in die USA \u00fcbertragen.<br \/>\nVon uns direkt werden keine Daten an Drittl\u00e4nder au\u00dferhalb der EU \u00fcbermittelt.<\/p>\n<p><strong>Kontakt-Formulare &amp; Online-Bestellungen<br \/>\n<\/strong>Mit der Eingabe Ihrer personenbezogenen Daten in eines unserer Kontaktformulare stimmen Sie der Verarbeitung und Speicherung durch uns zu. Wir ben\u00f6tigen diese Daten zur Bearbeitung Ihrer Anfrage und speichern in diesen F\u00e4llen auch Ihre IP-Adresse zu Zwecken der Beweissicherung. Zu Dauer der Speicherung siehe oben.<\/p>\n<h2><strong>Informationen \u00fcber Ihr Widerspruchsrecht nach Artikel 21 DSGVO <\/strong><\/h2>\n<p><strong>Einzelfallbezogenes Widerspruchsrecht<br \/>\n<\/strong>Sie haben das Recht, aus Gr\u00fcnden, die sich aus Ihrer besonderen Situation ergeben, jederzeit gegen die Verarbeitung Sie betreffender personenbezogener Daten, die aufgrund von Artikel 6 Absatz 1 Buchstabe e DSGVO (Datenverarbeitung im \u00f6ffentlichen Interesse) und Artikel 6 Absatz 1 Buchstabe f DSGVO (Datenverarbeitung auf der Grundlage einer Interessenabw\u00e4gung) erfolgt, Widerspruch einzulegen; dies gilt auch f\u00fcr ein auf diese Bestimmung gest\u00fctztes Profiling im Sinne von Artikel 4 Nr. 4 DSGVO.<\/p>\n<p>Legen Sie Widerspruch ein, werden wir Ihre personenbezogenen Daten nicht mehr verarbeiten, es sei denn, wir k\u00f6nnen zwingende berechtigte Gr\u00fcnde f\u00fcr die Verarbeitung nachweisen, die Ihre Interessen, Rechte und Freiheiten \u00fcberwiegen, oder die Verarbeitung dient der Geltendmachung oder Verteidigung von Rechtsanspr\u00fcchen (z. B. Inkasso).<\/p>\n<p><strong>Widerspruchsrecht gegen eine Verarbeitung von Daten f\u00fcr Zwecke der Direktwerbung<br \/>\n<\/strong>In Einzelf\u00e4llen verarbeiten wir Ihre personenbezogenen Daten, um Direktwerbung zu betreiben. Sie haben das Recht, jederzeit Widerspruch gegen die Verarbeitung Sie betreffender personenbezogener Daten zum Zwecke derartiger Werbung einzulegen. Widersprechen Sie der Verarbeitung f\u00fcr Zwecke der Direktwerbung, so werden wir Ihre personenbezogenen Daten nicht mehr f\u00fcr diese Zwecke verarbeiten.<\/p>\n<p><strong>Empf\u00e4nger eines Widerspruchs<br \/>\n<\/strong>Der Widerspruch kann formfrei mit dem Betreff \u201eWiderspruch\u201c unter Angabe Ihres Namens, Ihrer Adresse und Ihres Geburtsdatums erfolgen und sollte gerichtet werden an:<br \/>\nHartmann-Plan OHG, Franzosenkoppel 120, 22547 Hamburg<\/p>\n<\/div><\/section>\n","protected":false},"excerpt":{"rendered":"","protected":false},"author":1,"featured_media":0,"parent":174,"menu_order":31,"comment_status":"open","ping_status":"open","template":"","meta":{"footnotes":""},"class_list":["post-176","page","type-page","status-publish","hentry"],"_links":{"self":[{"href":"https:\/\/hartmann-medien.de\/de\/wp-json\/wp\/v2\/pages\/176","targetHints":{"allow":["GET"]}}],"collection":[{"href":"https:\/\/hartmann-medien.de\/de\/wp-json\/wp\/v2\/pages"}],"about":[{"href":"https:\/\/hartmann-medien.de\/de\/wp-json\/wp\/v2\/types\/page"}],"author":[{"embeddable":true,"href":"https:\/\/hartmann-medien.de\/de\/wp-json\/wp\/v2\/users\/1"}],"replies":[{"embeddable":true,"href":"https:\/\/hartmann-medien.de\/de\/wp-json\/wp\/v2\/comments?post=176"}],"version-history":[{"count":6,"href":"https:\/\/hartmann-medien.de\/de\/wp-json\/wp\/v2\/pages\/176\/revisions"}],"predecessor-version":[{"id":602,"href":"https:\/\/hartmann-medien.de\/de\/wp-json\/wp\/v2\/pages\/176\/revisions\/602"}],"up":[{"embeddable":true,"href":"https:\/\/hartmann-medien.de\/de\/wp-json\/wp\/v2\/pages\/174"}],"wp:attachment":[{"href":"https:\/\/hartmann-medien.de\/de\/wp-json\/wp\/v2\/media?parent=176"}],"curies":[{"name":"wp","href":"https:\/\/api.w.org\/{rel}","templated":true}]}}